{"id":437,"date":"2016-04-26T08:05:35","date_gmt":"2016-04-26T06:05:35","guid":{"rendered":"http:\/\/www.pitanga.be\/index.php\/cours-de-portugais-bresilien\/?lang=pt-br"},"modified":"2016-04-26T08:05:35","modified_gmt":"2016-04-26T06:05:35","slug":"cours-de-portugais-bresilien","status":"publish","type":"page","link":"https:\/\/www.pitanga.be\/index.php\/cours-de-portugais-bresilien\/?lang=pt-br","title":{"rendered":"Cours de portugais br\u00e9silien"},"content":{"rendered":"<div class=\"oranje\">\n<h2>Caract\u00e9ristiques de notre formation:<\/h2>\n<ul>\n<li>Approche de la langue dans son contexte culturel et \u00e9conomique,<\/li>\n<li>Test de niveau ( CECR &#8211; Cadre Europ\u00e9en Commun de R\u00e9f\u00e9rence pour les langues)<\/li>\n<li>Formateur exp\u00e9riment\u00e9<\/li>\n<li>Horaires et programmes \u00e0 la carte<\/li>\n<\/ul>\n<h2>Informations et inscriptions<\/h2>\n<p>Tha\u00eds Rodrigues Borges<br \/>\nt\u00e9l: +32 478 04 24 35<br \/>\nemail: <a href=\"mailto:thais.rodrigues@pitanga.be\">thais.rodrigues@pitanga.be<\/a><\/p>\n<h2>Cours priv\u00e9s de portugais br\u00e9silien<\/h2>\n<p>Pitanga\u00a0offre des cours sur mesure pour les personnes qui veulent apprendre le portugais br\u00e9silien et d\u00e9couvrir la culture br\u00e9silienne dans toute sa diversit\u00e9.<\/p>\n<\/div>\n<div class=\"hrule clearfix\"><\/div>\n<div class=\"row\"> <div class=\"col-md-4\">\n<div class=\"su-quote su-quote-style-default su-quote-has-cite\"><div class=\"su-quote-inner su-u-clearfix su-u-trim\">Gra\u00e7as a Thais que tem sido minha professora de refor\u00e7o do portugues como l\u00edngua estrangeira, tenho melhorado muito meu conhecimento do idioma.<br \/>\n\u00c9 uma professora muito entretenida que te ajuda a aprender quase sem \u00a0pensar. Recomendo-a firmemente pois tem uma vasta experi\u00eancia e conhece a cultura brasileira a fundo.<span class=\"su-quote-cite\"><a href=\"https:\/\/www.linkedin.com\/in\/thaisrodriguesbrasil\/fr\" target=\"_blank\">Alejandra Piaggio - Purchasing and Inventory Management at Omya sur LinkedIn<\/a><\/span><\/div><\/div>\n<\/div><div class=\"col-md-4\">\n<div class=\"su-quote su-quote-style-default su-quote-has-cite\"><div class=\"su-quote-inner su-u-clearfix su-u-trim\">Pour mes relations profesionnelles au Br\u00e9sil, j&rsquo;avais besoin d&rsquo;apprendre le portugais Br\u00e9silien, gr\u00e2ce \u00e0 Thais Rodrigues et sa m\u00e9thode j&rsquo;ai pu apprendre en tr\u00e8s peu de temps la langue&#8230; je la recommande fortement pour apprendre le portugais br\u00e9silien.<br \/>\nSi vous envisagez de travailler avec le Br\u00e9sil, aussi je vous recommande Thais pour vous faciliter vos contacts sur place &amp; vous aidez dans les rouages compliqu\u00e9s des lois br\u00e9siliennes..<br \/>\nEn r\u00e9sum\u00e9.. il ne faut pas h\u00e9siter de contacter Thais pour tous besoin sur le Br\u00e9sil&#8230;<span class=\"su-quote-cite\"><a href=\"https:\/\/www.linkedin.com\/in\/thaisrodriguesbrasil\/fr\" target=\"_blank\">Ghassan Rankoussi - R&amp;B Marketing s.a. sur LinkedIn<\/a><\/span><\/div><\/div>\n<\/div><div class=\"col-md-4\">\n<div class=\"su-quote su-quote-style-default su-quote-has-cite\"><div class=\"su-quote-inner su-u-clearfix su-u-trim\">The Brazilian Portuguese lessons already delivered very good results as I can manage my missions in Brazil on site on my own. Very professional and motivating teacher, learning me as much about the Brazilian culture than on the language. Muito obrigada Tha\u00eds!<span class=\"su-quote-cite\"><a href=\"https:\/\/www.linkedin.com\/in\/thaisrodriguesbrasil\/fr\" target=\"_blank\">Ile Dutilleul - General Auditor at Lhoist sur LinkedIn<\/a><\/span><\/div><\/div>\n<\/div><\/div>\n<!-- Begin Yuzo --><div class='yuzo_related_post style-2'  data-version='5.12.70'><div class='yuzo_clearfixed yuzo__title yuzo__title'><h3>A lire aussi<\/h3><\/div>\n\t\t\t\t\t\t<div class=\"relatedthumb yuzo-list  \" style=\"\"  >  \n\t\t\t\t\t\t  <a  href=\"https:\/\/www.pitanga.be\/index.php\/2016\/07\/24\/pe-na-areia-pra-curtir-o-verao\/\" class=\"image-list\"  >\n\t\t\t\t\t\t  <div class=\"yuzo-img-wrap \" style=\"width: 125px;height:90px;\">\n\t\t\t\t\t\t\t\t\t\n\t\t\t\t\t\t\t\t\t <div class=\"yuzo-img\" style=\"background:url('https:\/\/www.pitanga.be\/pta\/wp-content\/uploads\/2016\/07\/pe-na-areia-diogo-nogueira-150x150.png') 50% 50% no-repeat;width: 130px;height:90px;margin-bottom: 5px;background-size:  cover;  \"><\/div>\n\t\t\t\t\t\t  <\/div>\n\t\t\t\t\t\t  <\/a>\n\t\t\t\t\t\t  <a  class=\"link-list yuzo__text--title\" href=\"https:\/\/www.pitanga.be\/index.php\/2016\/07\/24\/pe-na-areia-pra-curtir-o-verao\/\" style=\"font-size:16px;font-weight:bold;;line-height:24px;\"> \u00ab\u00a0P\u00e9 na Areia\u00a0\u00bb, pra curtir o ver\u00e3o!  <\/a>\n\t\t\t\t\t\t\t\t<span class=\"yuzo_text\" style=\"font-size:12px;\" ><\/span>\n\t\t\t\t\t\t   \n\t\t\t\t\t\t<\/div>\n\t\t\t\t\t\t<div class=\"relatedthumb yuzo-list  \" style=\"\"  >  \n\t\t\t\t\t\t  <a  href=\"https:\/\/www.pitanga.be\/index.php\/2016\/05\/16\/candido-portinari-peintre-bresilien\/\" class=\"image-list\"  >\n\t\t\t\t\t\t  <div class=\"yuzo-img-wrap \" style=\"width: 125px;height:90px;\">\n\t\t\t\t\t\t\t\t\t\n\t\t\t\t\t\t\t\t\t <div class=\"yuzo-img\" style=\"background:url('https:\/\/www.pitanga.be\/pta\/wp-content\/uploads\/2016\/05\/Candida-Portinaro-flautista-150x150.jpg') 50% 50% no-repeat;width: 130px;height:90px;margin-bottom: 5px;background-size:  cover;  \"><\/div>\n\t\t\t\t\t\t  <\/div>\n\t\t\t\t\t\t  <\/a>\n\t\t\t\t\t\t  <a  class=\"link-list yuzo__text--title\" href=\"https:\/\/www.pitanga.be\/index.php\/2016\/05\/16\/candido-portinari-peintre-bresilien\/\" style=\"font-size:16px;font-weight:bold;;line-height:24px;\"> C\u00e2ndido Portinari \u2013 peintre br\u00e9silien  <\/a>\n\t\t\t\t\t\t\t\t<span class=\"yuzo_text\" style=\"font-size:12px;\" >Arte brasileira\r\nRevendo... porque sempre vale a pena!\r\n\r\nC\u00e2ndido Portinari - pintor brasileiro, nascido em Brodowski, no Estado de S\u00e3o Paulo, em 29 de dezembro de 1903 e morto no Rio de Janeiro, em 6...<\/span>\n\t\t\t\t\t\t   \n\t\t\t\t\t\t<\/div>\n\t\t\t\t\t\t<div class=\"relatedthumb yuzo-list  \" style=\"\"  >  \n\t\t\t\t\t\t  <a  href=\"https:\/\/www.pitanga.be\/index.php\/2017\/01\/28\/inhotim-plus-grand-centre-dart-contemporain-plein-air-planete\/\" class=\"image-list\"  >\n\t\t\t\t\t\t  <div class=\"yuzo-img-wrap \" style=\"width: 125px;height:90px;\">\n\t\t\t\t\t\t\t\t\t\n\t\t\t\t\t\t\t\t\t <div class=\"yuzo-img\" style=\"background:url('https:\/\/www.pitanga.be\/pta\/wp-content\/uploads\/2017\/01\/inhotim-bolas-150x150.jpg') 50% 50% no-repeat;width: 130px;height:90px;margin-bottom: 5px;background-size:  cover;  \"><\/div>\n\t\t\t\t\t\t  <\/div>\n\t\t\t\t\t\t  <\/a>\n\t\t\t\t\t\t  <a  class=\"link-list yuzo__text--title\" href=\"https:\/\/www.pitanga.be\/index.php\/2017\/01\/28\/inhotim-plus-grand-centre-dart-contemporain-plein-air-planete\/\" style=\"font-size:16px;font-weight:bold;;line-height:24px;\"> INHOTIM, le plus grand centre d\u2019art contemporain en plein air sur la plan\u00e8te!  <\/a>\n\t\t\t\t\t\t\t\t<span class=\"yuzo_text\" style=\"font-size:12px;\" ><\/span>\n\t\t\t\t\t\t   \n\t\t\t\t\t\t<\/div>\n\t\t\t\t\t\t<div class=\"relatedthumb yuzo-list  \" style=\"\"  >  \n\t\t\t\t\t\t  <a  href=\"https:\/\/www.pitanga.be\/index.php\/2016\/03\/13\/pequenas-dicas-1\/\" class=\"image-list\"  >\n\t\t\t\t\t\t  <div class=\"yuzo-img-wrap \" style=\"width: 125px;height:90px;\">\n\t\t\t\t\t\t\t\t\t\n\t\t\t\t\t\t\t\t\t <div class=\"yuzo-img\" style=\"background:url('https:\/\/www.pitanga.be\/pta\/wp-content\/uploads\/2016\/04\/header-facebook-e1461651402514-150x150.jpg') 50% 50% no-repeat;width: 130px;height:90px;margin-bottom: 5px;background-size:  cover;  \"><\/div>\n\t\t\t\t\t\t  <\/div>\n\t\t\t\t\t\t  <\/a>\n\t\t\t\t\t\t  <a  class=\"link-list yuzo__text--title\" href=\"https:\/\/www.pitanga.be\/index.php\/2016\/03\/13\/pequenas-dicas-1\/\" style=\"font-size:16px;font-weight:bold;;line-height:24px;\"> Pequenas Dicas 1  <\/a>\n\t\t\t\t\t\t\t\t<span class=\"yuzo_text\" style=\"font-size:12px;\" ><\/span>\n\t\t\t\t\t\t   \n\t\t\t\t\t\t<\/div>\n\t\t\t\t\t\t<div class=\"relatedthumb yuzo-list  \" style=\"\"  >  \n\t\t\t\t\t\t  <a  href=\"https:\/\/www.pitanga.be\/index.php\/2016\/05\/14\/o-nosso-lindo-brasil-um-passeio-em-alta-definicao\/\" class=\"image-list\"  >\n\t\t\t\t\t\t  <div class=\"yuzo-img-wrap \" style=\"width: 125px;height:90px;\">\n\t\t\t\t\t\t\t\t\t\n\t\t\t\t\t\t\t\t\t <div class=\"yuzo-img\" style=\"background:url('https:\/\/www.pitanga.be\/pta\/wp-content\/uploads\/2016\/05\/O-Nosso-Lindo-Brasil-150x150.png') 50% 50% no-repeat;width: 130px;height:90px;margin-bottom: 5px;background-size:  cover;  \"><\/div>\n\t\t\t\t\t\t  <\/div>\n\t\t\t\t\t\t  <\/a>\n\t\t\t\t\t\t  <a  class=\"link-list yuzo__text--title\" href=\"https:\/\/www.pitanga.be\/index.php\/2016\/05\/14\/o-nosso-lindo-brasil-um-passeio-em-alta-definicao\/\" style=\"font-size:16px;font-weight:bold;;line-height:24px;\"> O Nosso Lindo Brasil: Um Passeio em Alta Defini\u00e7\u00e3o!  <\/a>\n\t\t\t\t\t\t\t\t<span class=\"yuzo_text\" style=\"font-size:12px;\" >Pequena viagem virtual ao Brasil...\r\nAproveitem para sonhar!!!\r\n\r\n<\/span>\n\t\t\t\t\t\t   \n\t\t\t\t\t\t<\/div>\n<\/div> <style>\n\t\t\t\t\t\t.yuzo_related_post .relatedthumb { background: !important; -webkit-transition: background 0.2s linear; -moz-transition: background 0.2s linear; -o-transition: background 0.2s linear; transition: background 0.2s linear;;color:!important; }\n\t\t\t\t\t\t.yuzo_related_post .relatedthumb:hover{background:#ffffff !important;color:!important;}\n\t\t\t\t\t\t.yuzo_related_post .yuzo_text {color:!important;}\n\t\t\t\t\t\t.yuzo_related_post .relatedthumb:hover .yuzo_text {color:!important;}\n\t\t\t\t\t\t.yuzo_related_post .relatedthumb a{color:!important;}\n\t\t\t\t\t\t.yuzo_related_post .relatedthumb a:hover{color:!important;}\n\t\t\t\t\t\t.yuzo_related_post .relatedthumb:hover a{ color:!important;}\n\t\t\t\t\t\t.yuzo_related_post .relatedthumb{  margin: 2px  0px  2px  0px;   padding: 8px  5px  8px  5px;  }\n\t\t\t\t\t\t\n\t\t\t\t\t\t<\/style>  <!-- End Yuzo :) --><!-- AddThis Advanced Settings generic via filter on the_content --><!-- AddThis Share Buttons generic via filter on the_content -->","protected":false},"excerpt":{"rendered":"<p>Caract\u00e9ristiques de notre formation: Approche de la langue dans son contexte culturel et \u00e9conomique, Test de niveau ( CECR &#8211; Cadre Europ\u00e9en Commun de R\u00e9f\u00e9rence pour les langues) Formateur exp\u00e9riment\u00e9 Horaires et programmes \u00e0 la carte Informations et inscriptions Tha\u00eds &hellip; <a href=\"https:\/\/www.pitanga.be\/index.php\/cours-de-portugais-bresilien\/?lang=pt-br\">Lire la suite\u00ad\u00ad<\/a><!-- AddThis Advanced Settings generic via filter on wp_trim_excerpt --><!-- AddThis Share Buttons generic via filter on wp_trim_excerpt --><\/p>\n","protected":false},"author":1,"featured_media":0,"parent":0,"menu_order":1,"comment_status":"closed","ping_status":"closed","template":"page-feature.php","meta":{"kt_blocks_editor_width":""},"_links":{"self":[{"href":"https:\/\/www.pitanga.be\/index.php\/wp-json\/wp\/v2\/pages\/437"}],"collection":[{"href":"https:\/\/www.pitanga.be\/index.php\/wp-json\/wp\/v2\/pages"}],"about":[{"href":"https:\/\/www.pitanga.be\/index.php\/wp-json\/wp\/v2\/types\/page"}],"author":[{"embeddable":true,"href":"https:\/\/www.pitanga.be\/index.php\/wp-json\/wp\/v2\/users\/1"}],"replies":[{"embeddable":true,"href":"https:\/\/www.pitanga.be\/index.php\/wp-json\/wp\/v2\/comments?post=437"}],"version-history":[{"count":0,"href":"https:\/\/www.pitanga.be\/index.php\/wp-json\/wp\/v2\/pages\/437\/revisions"}],"wp:attachment":[{"href":"https:\/\/www.pitanga.be\/index.php\/wp-json\/wp\/v2\/media?parent=437"}],"curies":[{"name":"wp","href":"https:\/\/api.w.org\/{rel}","templated":true}]}}