{"id":60,"date":"2016-04-27T10:44:13","date_gmt":"2016-04-27T08:44:13","guid":{"rendered":"http:\/\/www.pitanga.be\/index.php\/consultant-en-affaires-pour-le-marche-bresilien\/?lang=pt-br"},"modified":"2016-07-30T10:29:07","modified_gmt":"2016-07-30T08:29:07","slug":"conselheira-em-negocios-para-o-mercado-belga","status":"publish","type":"page","link":"http:\/\/www.pitanga.be\/index.php\/conselheira-em-negocios-para-o-mercado-belga\/?lang=pt-br","title":{"rendered":"Consultoria em neg\u00f3cios para o mercado belga"},"content":{"rendered":"<h2>Pitanga\u00a0acompanha empresas brasileiras na B\u00e9lgica<\/h2>\n<p>A B\u00e9lgica oferece muitas oportunidades para empresas brasileiras que gostariam de investir, se instalar ou encontrar uma boa parceria em neg\u00f3cios.<\/p>\n<ul>\n<li>Servi\u00e7os disponibilizados por\u00a0Pitanga<\/li>\n<li>Estudo de mercado e prospec\u00e7\u00e3o<\/li>\n<li>Participa\u00e7\u00e3o em Sal\u00f5es profissionais<\/li>\n<li>Representa\u00e7\u00e3o de empresas<\/li>\n<li>Cria\u00e7\u00e3o de empresas<\/li>\n<li>Busca de parceiros, s\u00f3cios ou representantes<\/li>\n<li>Estudo da concorrencia<\/li>\n<li>Solicita\u00e7\u00e3o de homologa\u00e7\u00e3o<\/li>\n<li>Identifica\u00e7\u00e3o de investidores locais<\/li>\n<li>Acompanhamento completo e permanente em todas as formalidades administrativas, busca de pessoal qualificado e fornecedores diversos &#8211; de servi\u00e7os e material &#8211; , advogados, contadores locais, tradu\u00e7\u00f5es simples e juramentadas, trabalho de int\u00e9rprete, viagens, etc.)<\/li>\n<\/ul>\n<h2>O diferencial de\u00a0Pitanga<\/h2>\n<ul>\n<li>Conhecimento das particularidades regionais do mercado belga<\/li>\n<li>Conhecimento das caracter\u00edsticas administrativas e uma rede local eficaz<\/li>\n<li>Parceria com uma empresa especializada em estudos de mercado e prospec\u00e7\u00e3o<\/li>\n<li>Parceria com fornecedores de servi\u00e7os os mais variados<\/li>\n<li>Dom\u00ednio da l\u00edngua portuguesa, francesa, holandesa e italiana.<\/li>\n<\/ul>\n<!-- Begin Yuzo --><div class='yuzo_related_post style-2'  data-version='5.12.70'><div class='yuzo_clearfixed yuzo__title yuzo__title'><h3>A lire aussi<\/h3><\/div>\n\t\t\t\t\t\t<div class=\"relatedthumb yuzo-list  \" style=\"\"  >  \n\t\t\t\t\t\t  <a  href=\"http:\/\/www.pitanga.be\/index.php\/2016\/07\/01\/primeiro-belga-tupiniquim\/\" class=\"image-list\"  >\n\t\t\t\t\t\t  <div class=\"yuzo-img-wrap \" style=\"width: 125px;height:90px;\">\n\t\t\t\t\t\t\t\t\t\n\t\t\t\t\t\t\t\t\t <div class=\"yuzo-img\" style=\"background:url('http:\/\/www.pitanga.be\/pta\/wp-content\/uploads\/2016\/07\/Revista-Emigrar-primeiro-belga-tupiniquim-150x150.png') 50% 50% no-repeat;width: 130px;height:90px;margin-bottom: 5px;background-size:  cover;  \"><\/div>\n\t\t\t\t\t\t  <\/div>\n\t\t\t\t\t\t  <\/a>\n\t\t\t\t\t\t  <a  class=\"link-list yuzo__text--title\" href=\"http:\/\/www.pitanga.be\/index.php\/2016\/07\/01\/primeiro-belga-tupiniquim\/\" style=\"font-size:16px;font-weight:bold;;line-height:24px;\"> Primeiro Belga \u201cTupiniquim\u201d\u2026  <\/a>\n\t\t\t\t\t\t\t\t<span class=\"yuzo_text\" style=\"font-size:12px;\" >Os Belgas est\u00e3o presentes e ativos no Brasil h\u00e1 muito tempo!\r\n\r\nNo s\u00e9culo XIX, v\u00e1rias col\u00f4nias agr\u00edcolas belgas foram fundadas no Brasil. \r\n\r\n\r\nNossos caros amigos belgas contribuiram muito na constru...<\/span>\n\t\t\t\t\t\t   \n\t\t\t\t\t\t<\/div>\n\t\t\t\t\t\t<div class=\"relatedthumb yuzo-list  \" style=\"\"  >  \n\t\t\t\t\t\t  <a  href=\"http:\/\/www.pitanga.be\/index.php\/2016\/10\/01\/breve-historia-de-pra-ca\/\" class=\"image-list\"  >\n\t\t\t\t\t\t  <div class=\"yuzo-img-wrap \" style=\"width: 125px;height:90px;\">\n\t\t\t\t\t\t\t\t\t\n\t\t\t\t\t\t\t\t\t <div class=\"yuzo-img\" style=\"background:url('http:\/\/www.pitanga.be\/pta\/wp-content\/uploads\/2016\/10\/Revista-Emigrar-de-la-pra-ca-150x150.png') 50% 50% no-repeat;width: 130px;height:90px;margin-bottom: 5px;background-size:  cover;  \"><\/div>\n\t\t\t\t\t\t  <\/div>\n\t\t\t\t\t\t  <\/a>\n\t\t\t\t\t\t  <a  class=\"link-list yuzo__text--title\" href=\"http:\/\/www.pitanga.be\/index.php\/2016\/10\/01\/breve-historia-de-pra-ca\/\" style=\"font-size:16px;font-weight:bold;;line-height:24px;\"> Breve hist\u00f3ria \u2013 de l\u00e1 pra c\u00e1\u2026  <\/a>\n\t\t\t\t\t\t\t\t<span class=\"yuzo_text\" style=\"font-size:12px;\" >Muito tempo se passou desde que um primeiro papagaio verde foi colocado \u00e0 venda em uma feira em Antu\u00e9rpia, como nos mostra o quadro de Joachim Beuckelaer, datado de 1566.\r\n\r\nLogos ap\u00f3s, vieram muitas ...<\/span>\n\t\t\t\t\t\t   \n\t\t\t\t\t\t<\/div>\n\t\t\t\t\t\t<div class=\"relatedthumb yuzo-list  \" style=\"\"  >  \n\t\t\t\t\t\t  <a  href=\"http:\/\/www.pitanga.be\/index.php\/2016\/10\/05\/33a-oktoberfest-comeca-nesta-quarta-com-cerca-de-40-tipos-de-chope\/\" class=\"image-list\"  >\n\t\t\t\t\t\t  <div class=\"yuzo-img-wrap \" style=\"width: 125px;height:90px;\">\n\t\t\t\t\t\t\t\t\t\n\t\t\t\t\t\t\t\t\t <div class=\"yuzo-img\" style=\"background:url('http:\/\/www.pitanga.be\/pta\/wp-content\/uploads\/2016\/10\/oktober-feste-150x150.jpg') 50% 50% no-repeat;width: 130px;height:90px;margin-bottom: 5px;background-size:  cover;  \"><\/div>\n\t\t\t\t\t\t  <\/div>\n\t\t\t\t\t\t  <\/a>\n\t\t\t\t\t\t  <a  class=\"link-list yuzo__text--title\" href=\"http:\/\/www.pitanga.be\/index.php\/2016\/10\/05\/33a-oktoberfest-comeca-nesta-quarta-com-cerca-de-40-tipos-de-chope\/\" style=\"font-size:16px;font-weight:bold;;line-height:24px;\"> 33\u00aa Oktoberfest come\u00e7a nesta quarta com cerca de 40 tipos de chope  <\/a>\n\t\t\t\t\t\t\t\t<span class=\"yuzo_text\" style=\"font-size:12px;\" ><\/span>\n\t\t\t\t\t\t   \n\t\t\t\t\t\t<\/div>\n\t\t\t\t\t\t<div class=\"relatedthumb yuzo-list  \" style=\"\"  >  \n\t\t\t\t\t\t  <a  href=\"http:\/\/www.pitanga.be\/index.php\/2016\/11\/01\/a-belgica-no-rio-de-janeiro\/\" class=\"image-list\"  >\n\t\t\t\t\t\t  <div class=\"yuzo-img-wrap \" style=\"width: 125px;height:90px;\">\n\t\t\t\t\t\t\t\t\t\n\t\t\t\t\t\t\t\t\t <div class=\"yuzo-img\" style=\"background:url('http:\/\/www.pitanga.be\/pta\/wp-content\/uploads\/2016\/11\/Teatro-Municipal-Rio-de-Janeiro-150x150.jpg') 50% 50% no-repeat;width: 130px;height:90px;margin-bottom: 5px;background-size:  cover;  \"><\/div>\n\t\t\t\t\t\t  <\/div>\n\t\t\t\t\t\t  <\/a>\n\t\t\t\t\t\t  <a  class=\"link-list yuzo__text--title\" href=\"http:\/\/www.pitanga.be\/index.php\/2016\/11\/01\/a-belgica-no-rio-de-janeiro\/\" style=\"font-size:16px;font-weight:bold;;line-height:24px;\"> A B\u00e9lgica no Rio de Janeiro  <\/a>\n\t\t\t\t\t\t\t\t<span class=\"yuzo_text\" style=\"font-size:12px;\" >Voc\u00ea \u00e9 do Rio de Janeiro? Sen\u00e3o, voc\u00ea conhece o Rio?\r\nSabemos, s\u00e3o in\u00fameras, tanto e t\u00e3o maravilhosamente descritas as suas belezas naturais!\r\nMontanhas, c\u00e9u, sol, mar\u2026 tudo reunido pela m\u00e3e-natureza ...<\/span>\n\t\t\t\t\t\t   \n\t\t\t\t\t\t<\/div>\n\t\t\t\t\t\t<div class=\"relatedthumb yuzo-list  \" style=\"\"  >  \n\t\t\t\t\t\t  <a  href=\"http:\/\/www.pitanga.be\/index.php\/2016\/05\/17\/nanan-gonzaga-belo-balao\/\" class=\"image-list\"  >\n\t\t\t\t\t\t  <div class=\"yuzo-img-wrap \" style=\"width: 125px;height:90px;\">\n\t\t\t\t\t\t\t\t\t\n\t\t\t\t\t\t\t\t\t <div class=\"yuzo-img\" style=\"background:url('http:\/\/www.pitanga.be\/pta\/wp-content\/uploads\/2016\/05\/nanan-gonzaga-150x150.jpg') 50% 50% no-repeat;width: 130px;height:90px;margin-bottom: 5px;background-size:  cover;  \"><\/div>\n\t\t\t\t\t\t  <\/div>\n\t\t\t\t\t\t  <\/a>\n\t\t\t\t\t\t  <a  class=\"link-list yuzo__text--title\" href=\"http:\/\/www.pitanga.be\/index.php\/2016\/05\/17\/nanan-gonzaga-belo-balao\/\" style=\"font-size:16px;font-weight:bold;;line-height:24px;\"> Nanan Gonzaga, Belo Bal\u00e3o  <\/a>\n\t\t\t\t\t\t\t\t<span class=\"yuzo_text\" style=\"font-size:12px;\" >Filha de Gonzaguinha e neta de Luiz Gonzaga - o \"rei do bai\u00e3o\", Nanan Gonzaga, nos presenteia com o \"Belo Bal\u00e3o\", composi\u00e7\u00e3o de seu pai.\r\n\r\nPara quem quiser cantar, aqui vai a letra:\r\nBelo Bal\u00e3o\r\nE os...<\/span>\n\t\t\t\t\t\t   \n\t\t\t\t\t\t<\/div>\n<\/div> <style>\n\t\t\t\t\t\t.yuzo_related_post .relatedthumb { background: !important; -webkit-transition: background 0.2s linear; -moz-transition: background 0.2s linear; -o-transition: background 0.2s linear; transition: background 0.2s linear;;color:!important; }\n\t\t\t\t\t\t.yuzo_related_post .relatedthumb:hover{background:#ffffff !important;color:!important;}\n\t\t\t\t\t\t.yuzo_related_post .yuzo_text {color:!important;}\n\t\t\t\t\t\t.yuzo_related_post .relatedthumb:hover .yuzo_text {color:!important;}\n\t\t\t\t\t\t.yuzo_related_post .relatedthumb a{color:!important;}\n\t\t\t\t\t\t.yuzo_related_post .relatedthumb a:hover{color:!important;}\n\t\t\t\t\t\t.yuzo_related_post .relatedthumb:hover a{ color:!important;}\n\t\t\t\t\t\t.yuzo_related_post .relatedthumb{  margin: 2px  0px  2px  0px;   padding: 8px  5px  8px  5px;  }\n\t\t\t\t\t\t\n\t\t\t\t\t\t<\/style>  <!-- End Yuzo :) --><!-- AddThis Advanced Settings generic via filter on the_content --><!-- AddThis Share Buttons generic via filter on the_content -->","protected":false},"excerpt":{"rendered":"<p>Pitanga\u00a0acompanha empresas brasileiras na B\u00e9lgica A B\u00e9lgica oferece muitas oportunidades para empresas brasileiras que gostariam de investir, se instalar ou encontrar uma boa parceria em neg\u00f3cios. Servi\u00e7os disponibilizados por\u00a0Pitanga Estudo de mercado e prospec\u00e7\u00e3o Participa\u00e7\u00e3o em Sal\u00f5es profissionais Representa\u00e7\u00e3o de &hellip; <a href=\"http:\/\/www.pitanga.be\/index.php\/conselheira-em-negocios-para-o-mercado-belga\/?lang=pt-br\">Lire la suite\u00ad\u00ad<\/a><!-- AddThis Advanced Settings generic via filter on wp_trim_excerpt --><!-- AddThis Share Buttons generic via filter on wp_trim_excerpt --><\/p>\n","protected":false},"author":1,"featured_media":0,"parent":0,"menu_order":2,"comment_status":"closed","ping_status":"closed","template":"page-feature.php","meta":{"kt_blocks_editor_width":""},"_links":{"self":[{"href":"http:\/\/www.pitanga.be\/index.php\/wp-json\/wp\/v2\/pages\/60"}],"collection":[{"href":"http:\/\/www.pitanga.be\/index.php\/wp-json\/wp\/v2\/pages"}],"about":[{"href":"http:\/\/www.pitanga.be\/index.php\/wp-json\/wp\/v2\/types\/page"}],"author":[{"embeddable":true,"href":"http:\/\/www.pitanga.be\/index.php\/wp-json\/wp\/v2\/users\/1"}],"replies":[{"embeddable":true,"href":"http:\/\/www.pitanga.be\/index.php\/wp-json\/wp\/v2\/comments?post=60"}],"version-history":[{"count":3,"href":"http:\/\/www.pitanga.be\/index.php\/wp-json\/wp\/v2\/pages\/60\/revisions"}],"predecessor-version":[{"id":435,"href":"http:\/\/www.pitanga.be\/index.php\/wp-json\/wp\/v2\/pages\/60\/revisions\/435"}],"wp:attachment":[{"href":"http:\/\/www.pitanga.be\/index.php\/wp-json\/wp\/v2\/media?parent=60"}],"curies":[{"name":"wp","href":"https:\/\/api.w.org\/{rel}","templated":true}]}}